{"id":561,"date":"2018-09-15T14:18:40","date_gmt":"2018-09-15T12:18:40","guid":{"rendered":"http:\/\/shop.ur-windschott.de\/?page_id=561"},"modified":"2025-04-29T14:39:07","modified_gmt":"2025-04-29T12:39:07","slug":"porsche-boxster-modell-981-niedrige-ausfuehrung-auch-spyder","status":"publish","type":"page","link":"https:\/\/ur-windschott.de\/en\/porsche-boxster-modell-981-niedrige-ausfuehrung-auch-spyder\/","title":{"rendered":"Porsche Boxster 981 low version Glasswinddeflector"},"content":{"rendered":"<div id=\"pl-561\"  class=\"panel-layout\" ><div id=\"pg-561-0\"  class=\"panel-grid panel-has-style\" ><div style=\"padding: 0px 0; \" data-overlay=\"true\" data-overlay-color=\"#000000\" class=\"panel-row-style panel-row-style-for-561-0\" ><div id=\"pgc-561-0-0\"  class=\"panel-grid-cell\" ><div id=\"panel-561-0-0-0\" class=\"so-panel widget widget_sow-editor panel-first-child\" data-index=\"0\" ><div style=\"text-align: left;\" data-title-color=\"#443f3f\" data-headings-color=\"#443f3f\" class=\"panel-widget-style panel-widget-style-for-561-0-0-0\" ><div\n\t\t\t\n\t\t\tclass=\"so-widget-sow-editor so-widget-sow-editor-base\"\n\t\t\t\n\t\t><h3 class=\"widget-title\">Glasswinddeflector Winddeflector middlepart<\/h3>\n<div class=\"siteorigin-widget-tinymce textwidget\">\n\t<p style=\"text-align: center;\">Middle part for the Porsche Boxster 981 - and Spyder made of 5mm special car glass (ESG)<\/p>\n<p style=\"text-align: center;\">The low version corresponds to the height of the original wind deflector.<\/p>\n<p style=\"text-align: center;\">We supply our products with all necessary holders, attachement parts and a TUV certification.<\/p>\n<p style=\"text-align: center;\">The original winddeflector-mounting has to exist to mount our glass-winddeflector.<\/p>\n<h2 style=\"text-align: center;\"><span style=\"color: #333333;\"><strong>319,- \u20ac<\/strong><\/span><\/h2>\n<h4 style=\"text-align: center;\"><span style=\"color: #333333;\"><strong>inkl. Mwst (German VAT)<\/strong><\/span><\/h4>\n<p style=\"text-align: center;\">Packaging and shipment within Germany 12.- \u20ac, Packaging and shipment within EU 19.- \u20ac<\/p>\n<p style=\"text-align: center;\">Other countries on request!<\/p>\n<\/div>\n<\/div><\/div><\/div><div id=\"panel-561-0-0-1\" class=\"so-panel widget widget_sow-button panel-last-child\" data-index=\"1\" ><div style=\"text-align: left;\" data-title-color=\"#443f3f\" data-headings-color=\"#443f3f\" class=\"panel-widget-style panel-widget-style-for-561-0-0-1\" ><div\n\t\t\t\n\t\t\tclass=\"so-widget-sow-button so-widget-sow-button-flat-388e5df3cf5d-561\"\n\t\t\t\n\t\t><div class=\"ow-button-base ow-button-align-center\"\n>\n\t\t\t<a\n\t\t\t\t\thref=\"https:\/\/ur-windschott.de\/en\/shop\/\"\n\t\t\t\t\tclass=\"sowb-button ow-icon-placement-left ow-button-hover\" \t>\n\t\t<span>\n\t\t\t\n\t\t\tOrder now!\t\t<\/span>\n\t\t\t<\/a>\n\t<\/div>\n<\/div><\/div><\/div><\/div><div id=\"pgc-561-0-1\"  class=\"panel-grid-cell\" ><div id=\"panel-561-0-1-0\" class=\"so-panel widget widget_sow-image panel-first-child\" data-index=\"2\" ><div style=\"text-align: left;\" data-title-color=\"#443f3f\" data-headings-color=\"#443f3f\" class=\"panel-widget-style panel-widget-style-for-561-0-1-0\" ><div\n\t\t\t\n\t\t\tclass=\"so-widget-sow-image so-widget-sow-image-default-8b5b6f678277-561\"\n\t\t\t\n\t\t>\n<div class=\"sow-image-container\">\n\t\t<img \n\tsrc=\"https:\/\/ur-windschott.de\/wp-content\/uploads\/2018\/09\/DSC_0436.jpg\" width=\"1600\" height=\"1063\" srcset=\"https:\/\/ur-windschott.de\/wp-content\/uploads\/2018\/09\/DSC_0436.jpg 1600w, https:\/\/ur-windschott.de\/wp-content\/uploads\/2018\/09\/DSC_0436-300x199.jpg 300w, https:\/\/ur-windschott.de\/wp-content\/uploads\/2018\/09\/DSC_0436-768x510.jpg 768w, https:\/\/ur-windschott.de\/wp-content\/uploads\/2018\/09\/DSC_0436-1024x680.jpg 1024w, https:\/\/ur-windschott.de\/wp-content\/uploads\/2018\/09\/DSC_0436-830x551.jpg 830w, https:\/\/ur-windschott.de\/wp-content\/uploads\/2018\/09\/DSC_0436-230x153.jpg 230w, https:\/\/ur-windschott.de\/wp-content\/uploads\/2018\/09\/DSC_0436-350x233.jpg 350w, https:\/\/ur-windschott.de\/wp-content\/uploads\/2018\/09\/DSC_0436-480x319.jpg 480w, https:\/\/ur-windschott.de\/wp-content\/uploads\/2018\/09\/DSC_0436-272x182.jpg 272w\" sizes=\"(max-width: 1600px) 100vw, 1600px\" title=\"Porsche Boxster Windschott\" alt=\"Glaswindschott Glass winddeflector Porsche Boxster 981 718 982 UR-Windschott\" \t\tclass=\"so-widget-image\"\/>\n\t<\/div>\n\n<\/div><\/div><\/div><div id=\"panel-561-0-1-1\" class=\"so-panel widget widget_sow-image\" data-index=\"3\" ><div style=\"text-align: left;\" data-title-color=\"#443f3f\" data-headings-color=\"#443f3f\" class=\"panel-widget-style panel-widget-style-for-561-0-1-1\" ><div\n\t\t\t\n\t\t\tclass=\"so-widget-sow-image so-widget-sow-image-default-8b5b6f678277-561\"\n\t\t\t\n\t\t>\n<div class=\"sow-image-container\">\n\t\t<img \n\tsrc=\"https:\/\/ur-windschott.de\/wp-content\/uploads\/2018\/09\/Boxster-981-2.jpg\" width=\"1000\" height=\"672\" srcset=\"https:\/\/ur-windschott.de\/wp-content\/uploads\/2018\/09\/Boxster-981-2.jpg 1000w, https:\/\/ur-windschott.de\/wp-content\/uploads\/2018\/09\/Boxster-981-2-300x202.jpg 300w, https:\/\/ur-windschott.de\/wp-content\/uploads\/2018\/09\/Boxster-981-2-768x516.jpg 768w, https:\/\/ur-windschott.de\/wp-content\/uploads\/2018\/09\/Boxster-981-2-830x558.jpg 830w, https:\/\/ur-windschott.de\/wp-content\/uploads\/2018\/09\/Boxster-981-2-230x155.jpg 230w, https:\/\/ur-windschott.de\/wp-content\/uploads\/2018\/09\/Boxster-981-2-350x235.jpg 350w, https:\/\/ur-windschott.de\/wp-content\/uploads\/2018\/09\/Boxster-981-2-480x323.jpg 480w, https:\/\/ur-windschott.de\/wp-content\/uploads\/2018\/09\/Boxster-981-2-272x182.jpg 272w\" sizes=\"(max-width: 1000px) 100vw, 1000px\" title=\"Porsche Boxster Windschott\" alt=\"Glaswindschott Glass winddeflector Porsche Boxster 981 718 982 UR-Windschott\" \t\tclass=\"so-widget-image\"\/>\n\t<\/div>\n\n<\/div><\/div><\/div><div id=\"panel-561-0-1-2\" class=\"so-panel widget widget_sow-image\" data-index=\"4\" ><div style=\"text-align: left;\" data-title-color=\"#443f3f\" data-headings-color=\"#443f3f\" class=\"panel-widget-style panel-widget-style-for-561-0-1-2\" ><div\n\t\t\t\n\t\t\tclass=\"so-widget-sow-image so-widget-sow-image-default-8b5b6f678277-561\"\n\t\t\t\n\t\t>\n<div class=\"sow-image-container\">\n\t\t<img \n\tsrc=\"https:\/\/ur-windschott.de\/wp-content\/uploads\/2023\/11\/UR-Windschott-Glaswindschott-Glass-Winddeflector-Boxster-GoPro-Mount-low.jpeg\" width=\"903\" height=\"677\" srcset=\"https:\/\/ur-windschott.de\/wp-content\/uploads\/2023\/11\/UR-Windschott-Glaswindschott-Glass-Winddeflector-Boxster-GoPro-Mount-low.jpeg 903w, https:\/\/ur-windschott.de\/wp-content\/uploads\/2023\/11\/UR-Windschott-Glaswindschott-Glass-Winddeflector-Boxster-GoPro-Mount-low-300x225.jpeg 300w, https:\/\/ur-windschott.de\/wp-content\/uploads\/2023\/11\/UR-Windschott-Glaswindschott-Glass-Winddeflector-Boxster-GoPro-Mount-low-768x576.jpeg 768w, https:\/\/ur-windschott.de\/wp-content\/uploads\/2023\/11\/UR-Windschott-Glaswindschott-Glass-Winddeflector-Boxster-GoPro-Mount-low-16x12.jpeg 16w, https:\/\/ur-windschott.de\/wp-content\/uploads\/2023\/11\/UR-Windschott-Glaswindschott-Glass-Winddeflector-Boxster-GoPro-Mount-low-230x172.jpeg 230w, https:\/\/ur-windschott.de\/wp-content\/uploads\/2023\/11\/UR-Windschott-Glaswindschott-Glass-Winddeflector-Boxster-GoPro-Mount-low-350x262.jpeg 350w, https:\/\/ur-windschott.de\/wp-content\/uploads\/2023\/11\/UR-Windschott-Glaswindschott-Glass-Winddeflector-Boxster-GoPro-Mount-low-480x360.jpeg 480w\" sizes=\"(max-width: 903px) 100vw, 903px\" title=\"Glaswindschott Boxster Glass-winddeflector Camera\" alt=\"Glaswindschott Glass winddeflector Boxster Camera-Mount low version UR-Windschott\" \t\tclass=\"so-widget-image\"\/>\n\t<\/div>\n\n<\/div><\/div><\/div><div id=\"panel-561-0-1-3\" class=\"so-panel widget widget_sow-image\" data-index=\"5\" ><div style=\"text-align: left;\" data-title-color=\"#443f3f\" data-headings-color=\"#443f3f\" class=\"panel-widget-style panel-widget-style-for-561-0-1-3\" ><div\n\t\t\t\n\t\t\tclass=\"so-widget-sow-image so-widget-sow-image-default-8b5b6f678277-561\"\n\t\t\t\n\t\t>\n<div class=\"sow-image-container\">\n\t\t<img \n\tsrc=\"https:\/\/ur-windschott.de\/wp-content\/uploads\/2018\/09\/DSC_0440.jpg\" width=\"1600\" height=\"1063\" srcset=\"https:\/\/ur-windschott.de\/wp-content\/uploads\/2018\/09\/DSC_0440.jpg 1600w, https:\/\/ur-windschott.de\/wp-content\/uploads\/2018\/09\/DSC_0440-300x199.jpg 300w, https:\/\/ur-windschott.de\/wp-content\/uploads\/2018\/09\/DSC_0440-768x510.jpg 768w, https:\/\/ur-windschott.de\/wp-content\/uploads\/2018\/09\/DSC_0440-1024x680.jpg 1024w, https:\/\/ur-windschott.de\/wp-content\/uploads\/2018\/09\/DSC_0440-830x551.jpg 830w, https:\/\/ur-windschott.de\/wp-content\/uploads\/2018\/09\/DSC_0440-230x153.jpg 230w, https:\/\/ur-windschott.de\/wp-content\/uploads\/2018\/09\/DSC_0440-350x233.jpg 350w, https:\/\/ur-windschott.de\/wp-content\/uploads\/2018\/09\/DSC_0440-480x319.jpg 480w, https:\/\/ur-windschott.de\/wp-content\/uploads\/2018\/09\/DSC_0440-272x182.jpg 272w\" sizes=\"(max-width: 1600px) 100vw, 1600px\" title=\"Porsche Boxster Windschott\" alt=\"Glaswindschott Glass winddeflector Porsche Boxster 981 718 982 UR-Windschott\" \t\tclass=\"so-widget-image\"\/>\n\t<\/div>\n\n<\/div><\/div><\/div><div id=\"panel-561-0-1-4\" class=\"so-panel widget widget_sow-image panel-last-child\" data-index=\"6\" ><div style=\"text-align: left;\" data-title-color=\"#443f3f\" data-headings-color=\"#443f3f\" class=\"panel-widget-style panel-widget-style-for-561-0-1-4\" ><div\n\t\t\t\n\t\t\tclass=\"so-widget-sow-image so-widget-sow-image-default-8b5b6f678277-561\"\n\t\t\t\n\t\t>\n<div class=\"sow-image-container\">\n\t\t<img \n\tsrc=\"https:\/\/ur-windschott.de\/wp-content\/uploads\/2023\/11\/UR-Windschott-Glaswindschott-Glass-Winddeflector-Boxster-low.jpeg\" width=\"1280\" height=\"960\" srcset=\"https:\/\/ur-windschott.de\/wp-content\/uploads\/2023\/11\/UR-Windschott-Glaswindschott-Glass-Winddeflector-Boxster-low.jpeg 1280w, https:\/\/ur-windschott.de\/wp-content\/uploads\/2023\/11\/UR-Windschott-Glaswindschott-Glass-Winddeflector-Boxster-low-300x225.jpeg 300w, https:\/\/ur-windschott.de\/wp-content\/uploads\/2023\/11\/UR-Windschott-Glaswindschott-Glass-Winddeflector-Boxster-low-1024x768.jpeg 1024w, https:\/\/ur-windschott.de\/wp-content\/uploads\/2023\/11\/UR-Windschott-Glaswindschott-Glass-Winddeflector-Boxster-low-768x576.jpeg 768w, https:\/\/ur-windschott.de\/wp-content\/uploads\/2023\/11\/UR-Windschott-Glaswindschott-Glass-Winddeflector-Boxster-low-16x12.jpeg 16w, https:\/\/ur-windschott.de\/wp-content\/uploads\/2023\/11\/UR-Windschott-Glaswindschott-Glass-Winddeflector-Boxster-low-1000x750.jpeg 1000w, https:\/\/ur-windschott.de\/wp-content\/uploads\/2023\/11\/UR-Windschott-Glaswindschott-Glass-Winddeflector-Boxster-low-230x173.jpeg 230w, https:\/\/ur-windschott.de\/wp-content\/uploads\/2023\/11\/UR-Windschott-Glaswindschott-Glass-Winddeflector-Boxster-low-350x263.jpeg 350w, https:\/\/ur-windschott.de\/wp-content\/uploads\/2023\/11\/UR-Windschott-Glaswindschott-Glass-Winddeflector-Boxster-low-480x360.jpeg 480w\" sizes=\"(max-width: 1280px) 100vw, 1280px\" title=\"Glaswindschott Boxster Glass-winddeflector\" alt=\"Glaswindschott Glass winddeflector Boxster low version UR-Windschott\" \t\tclass=\"so-widget-image\"\/>\n\t<\/div>\n\n<\/div><\/div><\/div><\/div><\/div><\/div><\/div>","protected":false},"excerpt":{"rendered":"<p>Mittelteil f\u00fcr den Porsche Boxster 981 &#8211; auch Spyder aus 5mm Einscheibensicherheitsglas (ESG) Die niedrige Ausf\u00fchrung entspricht der H\u00f6he des Originalwindschotts. Unsere [&hellip;]<\/p>\n","protected":false},"author":1,"featured_media":0,"parent":0,"menu_order":0,"comment_status":"closed","ping_status":"closed","template":"page-templates\/page_fullwidth.php","meta":{"footnotes":""},"class_list":["post-561","page","type-page","status-publish","hentry"],"_links":{"self":[{"href":"https:\/\/ur-windschott.de\/en\/wp-json\/wp\/v2\/pages\/561","targetHints":{"allow":["GET"]}}],"collection":[{"href":"https:\/\/ur-windschott.de\/en\/wp-json\/wp\/v2\/pages"}],"about":[{"href":"https:\/\/ur-windschott.de\/en\/wp-json\/wp\/v2\/types\/page"}],"author":[{"embeddable":true,"href":"https:\/\/ur-windschott.de\/en\/wp-json\/wp\/v2\/users\/1"}],"replies":[{"embeddable":true,"href":"https:\/\/ur-windschott.de\/en\/wp-json\/wp\/v2\/comments?post=561"}],"version-history":[{"count":2,"href":"https:\/\/ur-windschott.de\/en\/wp-json\/wp\/v2\/pages\/561\/revisions"}],"predecessor-version":[{"id":2200,"href":"https:\/\/ur-windschott.de\/en\/wp-json\/wp\/v2\/pages\/561\/revisions\/2200"}],"wp:attachment":[{"href":"https:\/\/ur-windschott.de\/en\/wp-json\/wp\/v2\/media?parent=561"}],"curies":[{"name":"wp","href":"https:\/\/api.w.org\/{rel}","templated":true}]}}