{"id":165,"date":"2018-08-18T00:49:30","date_gmt":"2018-08-17T22:49:30","guid":{"rendered":"http:\/\/shop.ur-windschott.de\/?page_id=165"},"modified":"2022-04-25T10:46:53","modified_gmt":"2022-04-25T08:46:53","slug":"ueber-uns","status":"publish","type":"page","link":"https:\/\/ur-windschott.de\/en\/ueber-uns\/","title":{"rendered":"About us"},"content":{"rendered":"<div id=\"pl-165\"  class=\"panel-layout\" ><div id=\"pg-165-0\"  class=\"panel-grid panel-has-style\" ><div class=\"siteorigin-panels-stretch panel-row-style panel-row-style-for-165-0\" style=\"padding: 0px 0; \" data-stretch-type=\"full\" data-overlay=\"true\" data-overlay-color=\"#000000\" ><div id=\"pgc-165-0-0\"  class=\"panel-grid-cell\" ><div id=\"panel-165-0-0-0\" class=\"so-panel widget widget_sow-editor panel-first-child\" data-index=\"0\" ><div style=\"text-align: left;\" data-title-color=\"#443f3f\" data-headings-color=\"#443f3f\" class=\"panel-widget-style panel-widget-style-for-165-0-0-0\" ><div\n\t\t\t\n\t\t\tclass=\"so-widget-sow-editor so-widget-sow-editor-base\"\n\t\t\t\n\t\t>\n<div class=\"siteorigin-widget-tinymce textwidget\">\n\t<h1>Who we are:<\/h1>\n<p>Since 2002, we develop special glass-windshields for Roadster and cabriolets, which meets highest demands in optics and function.<br \/>\nUR-WINDSCHOTT follows the form of your car.<br \/>\nUR-WINDSCHOTT are tested on the relevant vehicle models even at maximum speed with special devices.<\/p>\n<p>Our customers include many well-known car tuners and car dealers.In the meantime we have many customers who contact us again in the event of a change of vehicle and buy a UR-WINDSCHOTT already for the 2nd or 3rd time.<br \/>\nOf course, all our products have a corresponding T\u00dcV certificate not to expire the operation licence of the car.<br \/>\nGladly we personalize your glass-windshield to a unit by we firmly placing your desired image or logo on the glass screen.<br \/>\nUR-WINDSHOTT get in special according to your needs.Windscreens for vintage cars belong to our product range too.<\/p>\n<p>We even offer windshields for oldtimers - for requests contact us!<br \/>\nWe see it as an obligation to continuously optimize our products and to be able to offer a windshield also for new models from the beginning.<\/p>\n<p>Windschott Glas Glaswindschott Windshield Winddeflector Deflector D\u00e9flecteur De Vent Glas-Windschott Frangivento Windscreen Wind Glass Glasswinddeflector Viento Windblocker Windrestrictor<\/p>\n<\/div>\n<\/div><\/div><\/div><div id=\"panel-165-0-0-1\" class=\"so-panel widget widget_sow-button panel-last-child\" data-index=\"1\" ><div style=\"text-align: left;\" data-title-color=\"#443f3f\" data-headings-color=\"#443f3f\" class=\"panel-widget-style panel-widget-style-for-165-0-0-1\" ><div\n\t\t\t\n\t\t\tclass=\"so-widget-sow-button so-widget-sow-button-atom-78c33903140b-165\"\n\t\t\t\n\t\t><div class=\"ow-button-base ow-button-align-center\"\n>\n\t\t\t<a\n\t\t\t\t\thref=\"https:\/\/ur-windschott.de\/en\/produkte\/\"\n\t\t\t\t\tclass=\"sowb-button ow-icon-placement-left ow-button-hover\" \t>\n\t\t<span>\n\t\t\t\n\t\t\tsee our glass-winddeflectors\t\t<\/span>\n\t\t\t<\/a>\n\t<\/div>\n<\/div><\/div><\/div><\/div><\/div><\/div><\/div>","protected":false},"excerpt":{"rendered":"<p>Wer wir sind: Seit 2002 entwickeln wir exklusive Glaswindschotts f\u00fcr Roadster und Cabriolets, die in Optik und Funktion h\u00f6chsten Anspr\u00fcchen gerecht werden. [&hellip;]<\/p>\n","protected":false},"author":1,"featured_media":0,"parent":0,"menu_order":0,"comment_status":"closed","ping_status":"closed","template":"page-templates\/page_fullwidth.php","meta":{"footnotes":""},"class_list":["post-165","page","type-page","status-publish","hentry"],"_links":{"self":[{"href":"https:\/\/ur-windschott.de\/en\/wp-json\/wp\/v2\/pages\/165","targetHints":{"allow":["GET"]}}],"collection":[{"href":"https:\/\/ur-windschott.de\/en\/wp-json\/wp\/v2\/pages"}],"about":[{"href":"https:\/\/ur-windschott.de\/en\/wp-json\/wp\/v2\/types\/page"}],"author":[{"embeddable":true,"href":"https:\/\/ur-windschott.de\/en\/wp-json\/wp\/v2\/users\/1"}],"replies":[{"embeddable":true,"href":"https:\/\/ur-windschott.de\/en\/wp-json\/wp\/v2\/comments?post=165"}],"version-history":[{"count":0,"href":"https:\/\/ur-windschott.de\/en\/wp-json\/wp\/v2\/pages\/165\/revisions"}],"wp:attachment":[{"href":"https:\/\/ur-windschott.de\/en\/wp-json\/wp\/v2\/media?parent=165"}],"curies":[{"name":"wp","href":"https:\/\/api.w.org\/{rel}","templated":true}]}}